{"id":3,"date":"2023-04-22T01:07:02","date_gmt":"2023-04-21T23:07:02","guid":{"rendered":"http:\/\/modernstudio.net\/?page_id=3"},"modified":"2025-04-21T04:27:16","modified_gmt":"2025-04-21T02:27:16","slug":"politika-privatnosti","status":"publish","type":"page","link":"https:\/\/modernstudio.net\/index.php\/politika-privatnosti\/","title":{"rendered":"Politika Privatnosti"},"content":{"rendered":"\t\t<div data-elementor-type=\"wp-page\" data-elementor-id=\"3\" class=\"elementor elementor-3\" data-elementor-post-type=\"page\">\n\t\t\t\t<div class=\"elementor-element elementor-element-2eba1228 e-flex e-con-boxed e-con e-parent\" data-id=\"2eba1228\" data-element_type=\"container\" data-e-type=\"container\">\n\t\t\t\t\t<div class=\"e-con-inner\">\n\t\t\t\t<div class=\"elementor-element elementor-element-50fcc79d elementor-widget elementor-widget-text-editor\" data-id=\"50fcc79d\" data-element_type=\"widget\" data-e-type=\"widget\" data-widget_type=\"text-editor.default\">\n\t\t\t\t<div class=\"elementor-widget-container\">\n\t\t\t\t\t\t\t\t\t\n<h4 class=\"wp-block-heading\"><strong>Ko smo mi<\/strong><\/h4>\n\n<p><br \/>Na\u0161a adresa veb mesta je: <span style=\"color: #000000;\"><strong><a style=\"color: #000000;\" href=\"https:\/\/modernstudio.net\/\">modernstudio.net<\/a><\/strong><\/span><\/p>\n\n<h4 class=\"wp-block-heading\"><strong>Komentari<\/strong><\/h4>\n\n<p><br \/>Kada posetioci ostave komentare na veb mestu, skupljamo podatke prikazane u obrascu za komentare kao i IP adresu posetioca i nisku user agent njegovog pregleda\u010da veba za pomo\u0107 u otkrivanju nepo\u017eeljnog.<\/p>\n\n<p>Anonimizovana niska napravljena od va\u0161e adrese e-po\u0161te (tako\u0111e nazvana i he\u0161) mo\u017ee biti dostavljena usluzi Gravatar da bi se videlo da li je koristite. Politika privatnosti usluge Gravatar je dostupna ovde: https:\/\/automattic.com\/privacy\/. Nakon odobrenja va\u0161eg komentara, va\u0161a slika profila je vidljiva javnosti u smislu va\u0161eg komentara.<\/p>\n\n<h4 class=\"wp-block-heading\"><strong>Sadr\u017eaj<\/strong><\/h4>\n\n<p><br \/>Ukoliko otpremate slike na veb mesto, trebalo bi da izbegavate otpremanje slika sa ugne\u017e\u0111enim podacima lokacije (EXIF GPS). Posetioci veb mesta mogu da preuzmu i izvuku podatke o lokaciji sa slika sa veb mesta.<\/p>\n\n<h4 class=\"wp-block-heading\"><strong>Kola\u010di\u0107i<\/strong><\/h4>\n\n<p><br \/>Ukoliko ostavite komentar na na\u0161em veb mestu, mo\u017eete se izuzeti od snimanja svog imena, adrese e-po\u0161te i veb mesta u kola\u010di\u0107ima. Oni su zbog va\u0161e udobnosti tako da ne morate da ponovo popunjavate svoje detalje kada ostavite drugi komentar. Ovi kola\u010di\u0107i traju godinu dana.<\/p>\n\n<p>Ukoliko posetite na\u0161u stranicu za prijavljivanje, postavi\u0107emo privremeni kola\u010di\u0107 za odre\u0111ivanje da li va\u0161 pregleda\u010d veba prihvata kola\u010di\u0107e. Ovaj kola\u010di\u0107 ne sadr\u017ei li\u010dne podatke i odbacuje se nakon va\u0161eg zatvaranja pregleda\u010da veba.<\/p>\n\n<p>Kada se prijavite, tako\u0111e \u0107emo postaviti nekoliko kola\u010di\u0107a da bismo sa\u010duvali va\u0161e informacije prijavljivanja i va\u0161e izbore prikaza ekrana. Kola\u010di\u0107i prijavljivanja traju dva dana, a kola\u010di\u0107i mogu\u0107nosti ekrana traju godinu dana. Ukoliko izaberete \u201cZapamti me\u201d, va\u0161a prijava \u0107e trajati dve sedmice. Ukoliko se odjavite sa svog naloga, kola\u010di\u0107i prijavljivanja bi\u0107e uklonjeni.<\/p>\n\n<p>Kada uredite ili objavite \u010dlanak, dodatni kola\u010di\u0107 \u0107e biti sa\u010duvan u va\u0161em pregleda\u010du veba. Ovaj kola\u010di\u0107 ne uklju\u010duje li\u010dne podatke i samo odre\u0111uje ID \u010dlanka koji ure\u0111ujete. Isti\u010de nakon jednog dana.<\/p>\n\n<h4 class=\"wp-block-heading\"><strong>Ugne\u017e\u0111eni sadr\u017eaj sa drugih veb mesta<\/strong><\/h4>\n\n<p><br \/>\u010clanci na ovom veb mestu mogu da sadr\u017ee ugne\u017e\u0111eni sadr\u017eaj (npr. video snimke, slike, \u010dlanke, itd). Ugne\u017e\u0111eni sadr\u017eaj sa drugih veb mesta se pona\u0161a na potpuno isti na\u010din kao da je va\u0161 posetilac posetio drugo veb mesto.<\/p>\n\n<p>Ta veb mesta mogu da prikupe podatke o vama, koriste kola\u010di\u0107e, ugnezde dodatno pra\u0107enje od strane tre\u0107e strane i nadgledaju va\u0161u interakciju sa tim ugne\u017e\u0111enim sadr\u017eajem, uklju\u010duju\u0107i pra\u0107enje va\u0161e interakcije sa ugne\u017e\u0111enim sadr\u017eajem ukoliko imate nalog i prijavljeni ste na to veb mesto.<\/p>\n\n<h4 class=\"wp-block-heading\"><strong>Sa kim delimo va\u0161e podatke<\/strong><\/h4>\n\n<p><br \/>Ako zatra\u017eite resetovanje lozinke, va\u0161a IP adresa \u0107e biti uklju\u010dena u e-po\u0161tu resetovanja.<\/p>\n\n<h4 class=\"wp-block-heading\"><strong>Koliko dugo \u010duvamo va\u0161e podatke<\/strong><\/h4>\n\n<p><br \/>Ukoliko ostavite komentar, taj komentar i njegovi meta podaci se \u010duvaju neograni\u010deno. Ovo je zato da bismo prepoznali i automatski odobrili sve komentare koje uslede umesti da ih dr\u017eimo u redu za pregled.<\/p>\n\n<p>Za korisnike koji se registruju na na\u0161e veb mesto (ukoliko ih ima), tako\u0111e \u010duvamo li\u010dne informacije koje dostave u svom korisni\u010dkom profilu. Svi korisnici mogu da vide, urede ili obri\u0161u svoje li\u010dne podatke bilo kada (izuzev \u0161to ne mogu da promene svoje korisni\u010dko ime). Upravnici veb mesta tako\u0111e mogu da vide i urede te informacije.<\/p>\n\n<h4 class=\"wp-block-heading\">Koja prava imate u odnosu na va\u0161e podatke<\/h4>\n\n<p><br \/>Ukoliko imate nalog na ovom veb mestu, ili ste ostavili komentare, mo\u017eete da zahtevate da primite datoteku sa izvezenim li\u010dnim podacima koje dr\u017eimo o vama uklju\u010duju\u0107i bilo koje podatke koje ste nam dostavili. Tako\u0111e mo\u017eete da zahtevate da obri\u0161emo bilo koje li\u010dne podatke koje dr\u017eimo o vama. To ne uklju\u010duje bilo koje podatke koje smo obavezni da dr\u017eimo zbog administrativnih, pravnih ili bezbedonosnih razloga.<\/p>\n\n<h4 class=\"wp-block-heading\"><strong>Gde \u0161aljemo va\u0161e podatke<\/strong><\/h4>\n\n<p><br \/>Komentari posetioca mogu da budu provereni kroz uslugu automatskog prepoznavanja nepo\u017eeljnih.<\/p>\n\t\t\t\t\t\t\t\t<\/div>\n\t\t\t\t<\/div>\n\t\t\t\t\t<\/div>\n\t\t\t\t<\/div>\n\t\t\t\t<\/div>\n\t\t","protected":false},"excerpt":{"rendered":"<p>Ko smo mi Na\u0161a adresa veb mesta je: modernstudio.net Komentari Kada posetioci ostave komentare na veb mestu, skupljamo podatke prikazane u obrascu za komentare kao i IP adresu posetioca i nisku user agent njegovog pregleda\u010da veba za pomo\u0107 u otkrivanju nepo\u017eeljnog. Anonimizovana niska napravljena od va\u0161e adrese e-po\u0161te (tako\u0111e nazvana i he\u0161) mo\u017ee biti dostavljena [&hellip;]<\/p>\n","protected":false},"author":1,"featured_media":0,"parent":0,"menu_order":0,"comment_status":"closed","ping_status":"open","template":"","meta":{"_joinchat":[],"footnotes":""},"class_list":["post-3","page","type-page","status-publish","hentry"],"blocksy_meta":[],"_links":{"self":[{"href":"https:\/\/modernstudio.net\/index.php\/wp-json\/wp\/v2\/pages\/3","targetHints":{"allow":["GET"]}}],"collection":[{"href":"https:\/\/modernstudio.net\/index.php\/wp-json\/wp\/v2\/pages"}],"about":[{"href":"https:\/\/modernstudio.net\/index.php\/wp-json\/wp\/v2\/types\/page"}],"author":[{"embeddable":true,"href":"https:\/\/modernstudio.net\/index.php\/wp-json\/wp\/v2\/users\/1"}],"replies":[{"embeddable":true,"href":"https:\/\/modernstudio.net\/index.php\/wp-json\/wp\/v2\/comments?post=3"}],"version-history":[{"count":0,"href":"https:\/\/modernstudio.net\/index.php\/wp-json\/wp\/v2\/pages\/3\/revisions"}],"wp:attachment":[{"href":"https:\/\/modernstudio.net\/index.php\/wp-json\/wp\/v2\/media?parent=3"}],"curies":[{"name":"wp","href":"https:\/\/api.w.org\/{rel}","templated":true}]}}