{"id":1653,"date":"2023-04-24T01:40:21","date_gmt":"2023-04-23T23:40:21","guid":{"rendered":"https:\/\/modernstudio.net\/?page_id=1653"},"modified":"2025-04-21T04:24:34","modified_gmt":"2025-04-21T02:24:34","slug":"usluga","status":"publish","type":"page","link":"https:\/\/modernstudio.net\/index.php\/usluga\/","title":{"rendered":"WEB SAJT"},"content":{"rendered":"\t\t<div data-elementor-type=\"wp-page\" data-elementor-id=\"1653\" class=\"elementor elementor-1653\" data-elementor-post-type=\"page\">\n\t\t\t\t<div class=\"elementor-element elementor-element-5dda6f4 e-flex e-con-boxed e-con e-parent\" data-id=\"5dda6f4\" data-element_type=\"container\" data-e-type=\"container\" data-settings=\"{&quot;background_background&quot;:&quot;classic&quot;}\">\n\t\t\t\t\t<div class=\"e-con-inner\">\n\t\t\t\t<div class=\"elementor-element elementor-element-6e991bb eael-wpforms-labels-yes eael-wpforms-form-button-custom elementor-widget elementor-widget-eael-wpforms\" data-id=\"6e991bb\" data-element_type=\"widget\" data-e-type=\"widget\" data-widget_type=\"eael-wpforms.default\">\n\t\t\t\t<div class=\"elementor-widget-container\">\n\t\t\t\t\t            <div class=\"eael-contact-form eael-wpforms eael-custom-radio-checkbox eael-wpforms-align-default\">\n                                <div class=\"wpforms-container wpforms-render-modern\" id=\"wpforms-1634\"><form id=\"wpforms-form-1634\" class=\"wpforms-validate wpforms-form\" data-formid=\"1634\" method=\"post\" enctype=\"multipart\/form-data\" action=\"\/index.php\/wp-json\/wp\/v2\/pages\/1653\" data-token=\"bb3ec0cdc3e3ed91087dddd30046ec8d\" data-token-time=\"1775585972\"><div class=\"wpforms-head-container\"><\/div><noscript class=\"wpforms-error-noscript\">Please enable JavaScript in your browser to complete this form.<\/noscript><div id=\"wpforms-error-noscript\" style=\"display: none;\">Please enable JavaScript in your browser to complete this form.<\/div><div class=\"wpforms-field-container\"><div id=\"wpforms-1634-field_0-container\" class=\"wpforms-field wpforms-field-name\" data-field-id=\"0\"><label class=\"wpforms-field-label\" for=\"wpforms-1634-field_0\">Ime i Prezime <span class=\"wpforms-required-label\" aria-hidden=\"true\">*<\/span><\/label><input type=\"text\" id=\"wpforms-1634-field_0\" class=\"wpforms-field-large wpforms-field-required\" name=\"wpforms[fields][0]\" placeholder=\"Va\u0161e Ime i Prezime\" aria-errormessage=\"wpforms-1634-field_0-error\" required><\/div><div id=\"wpforms-1634-field_1-container\" class=\"wpforms-field wpforms-field-email\" data-field-id=\"1\"><label class=\"wpforms-field-label\" for=\"wpforms-1634-field_1\">Email <span class=\"wpforms-required-label\" aria-hidden=\"true\">*<\/span><\/label><input type=\"email\" id=\"wpforms-1634-field_1\" class=\"wpforms-field-large wpforms-field-required\" name=\"wpforms[fields][1]\" placeholder=\"Va\u0161a e-mail adresa\" spellcheck=\"false\" aria-errormessage=\"wpforms-1634-field_1-error\" required><\/div><div id=\"wpforms-1634-field_12-container\" class=\"wpforms-field wpforms-field-number\" data-field-id=\"12\"><label class=\"wpforms-field-label\" for=\"wpforms-1634-field_12\">Telefon <span class=\"wpforms-required-label\" aria-hidden=\"true\">*<\/span><\/label><input type=\"number\" id=\"wpforms-1634-field_12\" class=\"wpforms-field-medium wpforms-field-required\" name=\"wpforms[fields][12]\" step=\"any\" aria-errormessage=\"wpforms-1634-field_12-error\" required><\/div><div id=\"wpforms-1634-field_7-container\" class=\"wpforms-field wpforms-field-text\" data-field-id=\"7\"><label class=\"wpforms-field-label\" for=\"wpforms-1634-field_7\">Websajt<\/label><input type=\"text\" id=\"wpforms-1634-field_7\" class=\"wpforms-field-medium\" name=\"wpforms[fields][7]\" aria-errormessage=\"wpforms-1634-field_7-error\" ><\/div><div id=\"wpforms-1634-field_9-container\" class=\"wpforms-field wpforms-field-radio\" data-field-id=\"9\"><fieldset><legend class=\"wpforms-field-label\">Da li imate hosting ili domen ime<\/legend><ul id=\"wpforms-1634-field_9\"><li class=\"choice-1 depth-1\"><input type=\"radio\" id=\"wpforms-1634-field_9_1\" name=\"wpforms[fields][9]\" value=\"Imam web hosting\" aria-errormessage=\"wpforms-1634-field_9_1-error\"  ><label class=\"wpforms-field-label-inline\" for=\"wpforms-1634-field_9_1\">Imam web hosting<\/label><\/li><li class=\"choice-2 depth-1\"><input type=\"radio\" id=\"wpforms-1634-field_9_2\" name=\"wpforms[fields][9]\" value=\"Imam domen ime\" aria-errormessage=\"wpforms-1634-field_9_2-error\"  ><label class=\"wpforms-field-label-inline\" for=\"wpforms-1634-field_9_2\">Imam domen ime<\/label><\/li><\/ul><\/fieldset><\/div><div id=\"wpforms-1634-field_11-container\" class=\"wpforms-field wpforms-field-text\" data-field-id=\"11\"><input type=\"text\" id=\"wpforms-1634-field_11\" class=\"wpforms-field-medium\" name=\"wpforms[fields][11]\" placeholder=\"Unesite Va\u0161 Domen (ukoliko imate)\" aria-errormessage=\"wpforms-1634-field_11-error\" ><\/div><div id=\"wpforms-1634-field_13-container\" class=\"wpforms-field wpforms-field-radio\" data-field-id=\"13\"><fieldset><legend class=\"wpforms-field-label\">Da li mi unosimo (tekst, slike, proizvode)?<\/legend><ul id=\"wpforms-1634-field_13\"><li class=\"choice-1 depth-1\"><input type=\"radio\" id=\"wpforms-1634-field_13_1\" name=\"wpforms[fields][13]\" value=\"Da\" aria-errormessage=\"wpforms-1634-field_13_1-error\"  ><label class=\"wpforms-field-label-inline\" for=\"wpforms-1634-field_13_1\">Da<\/label><\/li><li class=\"choice-2 depth-1\"><input type=\"radio\" id=\"wpforms-1634-field_13_2\" name=\"wpforms[fields][13]\" value=\"Ne\" aria-errormessage=\"wpforms-1634-field_13_2-error\"  ><label class=\"wpforms-field-label-inline\" for=\"wpforms-1634-field_13_2\">Ne<\/label><\/li><\/ul><\/fieldset><\/div><div id=\"wpforms-1634-field_14-container\" class=\"wpforms-field wpforms-field-number\" data-field-id=\"14\"><label class=\"wpforms-field-label\" for=\"wpforms-1634-field_14\">Na koliko jezika bi bio sajt?<\/label><input type=\"number\" id=\"wpforms-1634-field_14\" class=\"wpforms-field-medium\" name=\"wpforms[fields][14]\" step=\"any\" aria-errormessage=\"wpforms-1634-field_14-error\" ><\/div><div id=\"wpforms-1634-field_2-container\" class=\"wpforms-field wpforms-field-textarea\" data-field-id=\"2\"><label class=\"wpforms-field-label\" for=\"wpforms-1634-field_2\">Koje su stavke u navigaciji (stranice), koje su \u017eeljene funkcionalnosti, da li postoji dizajn koji Vam se dopada? \u0160to preciznije opi\u0161ete projekat ponuda \u0107e biti kompletnija.<\/label><textarea id=\"wpforms-1634-field_2\" class=\"wpforms-field-medium\" name=\"wpforms[fields][2]\" aria-errormessage=\"wpforms-1634-field_2-error\" ><\/textarea><\/div><div id=\"wpforms-1634-field_16-container\" class=\"wpforms-field wpforms-field-text\" data-field-id=\"16\"><label class=\"wpforms-field-label\" for=\"wpforms-1634-field_16\">Unesite link sajta koji Vam se svi\u0111a<\/label><input type=\"text\" id=\"wpforms-1634-field_16\" class=\"wpforms-field-medium\" name=\"wpforms[fields][16]\" aria-errormessage=\"wpforms-1634-field_16-error\" ><\/div><div id=\"wpforms-1634-field_17-container\" class=\"wpforms-field wpforms-field-number\" data-field-id=\"17\"><label class=\"wpforms-field-label\" for=\"wpforms-1634-field_17\">Bud\u017eet<\/label><input type=\"number\" id=\"wpforms-1634-field_17\" class=\"wpforms-field-medium\" name=\"wpforms[fields][17]\" step=\"any\" aria-errormessage=\"wpforms-1634-field_17-error\" ><\/div><\/div><!-- .wpforms-field-container --><div class=\"wpforms-submit-container\" ><input type=\"hidden\" name=\"wpforms[id]\" value=\"1634\"><input type=\"hidden\" name=\"page_title\" value=\"\"><input type=\"hidden\" name=\"page_url\" value=\"https:\/\/modernstudio.net\/index.php\/wp-json\/wp\/v2\/pages\/1653\"><input type=\"hidden\" name=\"url_referer\" value=\"\"><button type=\"submit\" name=\"wpforms[submit]\" id=\"wpforms-submit-1634\" class=\"wpforms-submit\" data-alt-text=\"Slanje...\" data-submit-text=\"Po\u0161alji\" aria-live=\"assertive\" value=\"wpforms-submit\">Po\u0161alji<\/button><\/div><\/form><\/div>  <!-- .wpforms-container -->            <\/div>\n\t\t\t\t<\/div>\n\t\t\t\t<\/div>\n\t\t\t\t\t<\/div>\n\t\t\t\t<\/div>\n\t\t\t\t<\/div>\n\t\t","protected":false},"excerpt":{"rendered":"<p>Please enable JavaScript in your browser to complete this form.Please enable JavaScript in your browser to complete this form.Ime i Prezime *Email *Telefon *Websajt Da li imate hosting ili domen ime Imam web hosting Imam domen ime Da li mi unosimo (tekst, slike, proizvode)? Da Ne Na koliko jezika bi bio sajt?Koje su stavke u [&hellip;]<\/p>\n","protected":false},"author":1,"featured_media":0,"parent":0,"menu_order":0,"comment_status":"closed","ping_status":"closed","template":"","meta":{"_joinchat":[],"footnotes":""},"class_list":["post-1653","page","type-page","status-publish","hentry"],"blocksy_meta":{"styles_descriptor":{"styles":{"desktop":"","tablet":"","mobile":""},"google_fonts":[],"version":6}},"_links":{"self":[{"href":"https:\/\/modernstudio.net\/index.php\/wp-json\/wp\/v2\/pages\/1653","targetHints":{"allow":["GET"]}}],"collection":[{"href":"https:\/\/modernstudio.net\/index.php\/wp-json\/wp\/v2\/pages"}],"about":[{"href":"https:\/\/modernstudio.net\/index.php\/wp-json\/wp\/v2\/types\/page"}],"author":[{"embeddable":true,"href":"https:\/\/modernstudio.net\/index.php\/wp-json\/wp\/v2\/users\/1"}],"replies":[{"embeddable":true,"href":"https:\/\/modernstudio.net\/index.php\/wp-json\/wp\/v2\/comments?post=1653"}],"version-history":[{"count":0,"href":"https:\/\/modernstudio.net\/index.php\/wp-json\/wp\/v2\/pages\/1653\/revisions"}],"wp:attachment":[{"href":"https:\/\/modernstudio.net\/index.php\/wp-json\/wp\/v2\/media?parent=1653"}],"curies":[{"name":"wp","href":"https:\/\/api.w.org\/{rel}","templated":true}]}}