{"id":1627,"date":"2023-04-24T00:32:27","date_gmt":"2023-04-23T22:32:27","guid":{"rendered":"https:\/\/modernstudio.net\/?page_id=1627"},"modified":"2025-04-21T16:30:00","modified_gmt":"2025-04-21T14:30:00","slug":"narucite-uslugu","status":"publish","type":"page","link":"https:\/\/modernstudio.net\/index.php\/narucite-uslugu\/","title":{"rendered":"NARU\u010cITE USLUGU"},"content":{"rendered":"\t\t<div data-elementor-type=\"wp-page\" data-elementor-id=\"1627\" class=\"elementor elementor-1627\" data-elementor-post-type=\"page\">\n\t\t\t\t<div class=\"elementor-element elementor-element-900b8be e-flex e-con-boxed e-con e-parent\" data-id=\"900b8be\" data-element_type=\"container\" data-e-type=\"container\" data-settings=\"{&quot;background_background&quot;:&quot;classic&quot;}\">\n\t\t\t\t\t<div class=\"e-con-inner\">\n\t\t<div class=\"elementor-element elementor-element-93f14de e-flex e-con-boxed e-con e-child\" data-id=\"93f14de\" data-element_type=\"container\" data-e-type=\"container\">\n\t\t\t\t\t<div class=\"e-con-inner\">\n\t\t\t\t<div class=\"elementor-element elementor-element-ae6d102 elementor-widget elementor-widget-text-editor\" data-id=\"ae6d102\" data-element_type=\"widget\" data-e-type=\"widget\" data-widget_type=\"text-editor.default\">\n\t\t\t\t<div class=\"elementor-widget-container\">\n\t\t\t\t\t\t\t\t\t<p>UNAPREDITE VA\u0160E POSLOVANJE<\/p>\t\t\t\t\t\t\t\t<\/div>\n\t\t\t\t<\/div>\n\t\t\t\t<div class=\"elementor-element elementor-element-86854d6 elementor-widget elementor-widget-heading\" data-id=\"86854d6\" data-element_type=\"widget\" data-e-type=\"widget\" data-widget_type=\"heading.default\">\n\t\t\t\t<div class=\"elementor-widget-container\">\n\t\t\t\t\t<h2 class=\"elementor-heading-title elementor-size-default\">Postavite Va\u0161 Brend na Visoki Nivo<\/h2>\t\t\t\t<\/div>\n\t\t\t\t<\/div>\n\t\t\t\t<div class=\"elementor-element elementor-element-6998bf5 elementor-widget elementor-widget-text-editor\" data-id=\"6998bf5\" data-element_type=\"widget\" data-e-type=\"widget\" data-widget_type=\"text-editor.default\">\n\t\t\t\t<div class=\"elementor-widget-container\">\n\t\t\t\t\t\t\t\t\t<p><strong>600+ Brendova Koji Su Nam Ukazali Poverenje<\/strong><br \/>Uspeh Se Ne Doga\u0111a Slu\u010dajno &#8211; Mi Ga Projektujemo. Rezultati na\u0161ih klijenata govore vi\u0161e od re\u010di. Svaka saradnja donela je konkretan rast, sna\u017eniji nastup i ve\u0107i uticaj u digitalnom prostoru. Ako te\u017eite istom &#8211; niste slu\u010dajno ovde.<\/p>\t\t\t\t\t\t\t\t<\/div>\n\t\t\t\t<\/div>\n\t\t\t\t<div class=\"elementor-element elementor-element-cbec60d elementor-widget elementor-widget-eael-feature-list\" data-id=\"cbec60d\" data-element_type=\"widget\" data-e-type=\"widget\" data-widget_type=\"eael-feature-list.default\">\n\t\t\t\t<div class=\"elementor-widget-container\">\n\t\t\t\t\t\t\t<div class=\"-icon-position-left -tablet-icon-position-left -mobile-icon-position-left\">\n\t\t\t<ul id=\"eael-feature-list-cbec60d\" class=\"eael-feature-list-items rhombus stacked  eael-feature-list-vertical\" data-layout-tablet=\"vertical\" data-layout-mobile=\"vertical\">\n\t\t\t                <li class=\"eael-feature-list-item elementor-repeater-item-5a22b0d\">\n                    \n\t\t\t\t\t\t<div class=\"eael-feature-list-icon-box\">\n\t\t\t\t\t\t\t<div class=\"eael-feature-list-icon-inner\">\n\n\t\t\t\t\t\t\t\t<span class=\"eael-feature-list-icon fl-icon-0\">\n\n\t\t<i aria-hidden=\"true\" class=\"fas fa-check\"><\/i>\t\t\t\t\t\t\t\t<\/span>\n\t\t\t\t\t\t\t<\/div>\n\t\t\t\t\t\t<\/div>\n\t\t\t\t\t\t<div class=\"eael-feature-list-content-box\">\n                            <h2 class=\"eael-feature-list-title\">Va\u0161e \u017delje i Ciljevi Postaju Na\u0161a Misija<\/h2>\t\t\t\t\t\t<p class=\"eael-feature-list-content\">Pristup Koji Vas Stavlja na Prvo Mesto. Svaki projekat po\u010dinje sa vama, va\u0161im potrebama, va\u0161im \u017eeljama i va\u0161im ciljevima. Mi gradimo strategije koje odra\u017eavaju va\u0161u jedinstvenost i ambiciju.<\/p>\n\t\t\t\t\t\t<\/div>\n\n\t\t\t\t\t<\/li>\n\t\t\t\t                <li class=\"eael-feature-list-item elementor-repeater-item-bc958c5\">\n                    \n\t\t\t\t\t\t<div class=\"eael-feature-list-icon-box\">\n\t\t\t\t\t\t\t<div class=\"eael-feature-list-icon-inner\">\n\n\t\t\t\t\t\t\t\t<span class=\"eael-feature-list-icon fl-icon-1\">\n\n\t\t<i aria-hidden=\"true\" class=\"fas fa-check\"><\/i>\t\t\t\t\t\t\t\t<\/span>\n\t\t\t\t\t\t\t<\/div>\n\t\t\t\t\t\t<\/div>\n\t\t\t\t\t\t<div class=\"eael-feature-list-content-box\">\n                            <h2 class=\"eael-feature-list-title\">Analiziramo i Pronalazimo Najbolja Re\u0161enja za Vas<\/h2>\t\t\t\t\t\t<p class=\"eael-feature-list-content\">Duboko Razumevanje. Presti\u017ena Re\u0161enja. Nismo tu da bismo samo re\u0161avali probleme - analiziramo va\u0161e poslovanje, pronalazimo prilike za rast i donosimo strategije koje nisu samo efikasne, ve\u0107 i revolucionarne.<\/p>\n\t\t\t\t\t\t<\/div>\n\n\t\t\t\t\t<\/li>\n\t\t\t\t                <li class=\"eael-feature-list-item elementor-repeater-item-22363f8\">\n                    \n\t\t\t\t\t\t<div class=\"eael-feature-list-icon-box\">\n\t\t\t\t\t\t\t<div class=\"eael-feature-list-icon-inner\">\n\n\t\t\t\t\t\t\t\t<span class=\"eael-feature-list-icon fl-icon-2\">\n\n\t\t<i aria-hidden=\"true\" class=\"fas fa-check\"><\/i>\t\t\t\t\t\t\t\t<\/span>\n\t\t\t\t\t\t\t<\/div>\n\t\t\t\t\t\t<\/div>\n\t\t\t\t\t\t<div class=\"eael-feature-list-content-box\">\n                            <h2 class=\"eael-feature-list-title\">Precizne Ponude Koje Pokre\u0107u Va\u0161 Uspeh<\/h2>\t\t\t\t\t\t<p class=\"eael-feature-list-content\">Re\u0161enja Koja Su Ta\u010dno Onakva Kakva Vam Trebaju. Na osnovu dubokog razumevanja va\u0161eg poslovanja, nudimo vam ponude koje savr\u0161eno odgovaraju va\u0161im izazovima. Ne bavimo se prose\u010dnim re\u0161enjima - samo sa vrhunskim rezultatima.<\/p>\n\t\t\t\t\t\t<\/div>\n\n\t\t\t\t\t<\/li>\n\t\t\t\t\t\t\t<\/ul>\n\t\t<\/div>\n\t\t\t\t\t\t<\/div>\n\t\t\t\t<\/div>\n\t\t\t\t\t<\/div>\n\t\t\t\t<\/div>\n\t\t\t\t\t<\/div>\n\t\t\t\t<\/div>\n\t\t<div class=\"elementor-element elementor-element-719a67a e-flex e-con-boxed e-con e-parent\" data-id=\"719a67a\" data-element_type=\"container\" data-e-type=\"container\">\n\t\t\t\t\t<div class=\"e-con-inner\">\n\t\t<div class=\"elementor-element elementor-element-df11c63 e-flex e-con-boxed e-con e-child\" data-id=\"df11c63\" data-element_type=\"container\" data-e-type=\"container\" data-settings=\"{&quot;background_background&quot;:&quot;classic&quot;}\">\n\t\t\t\t\t<div class=\"e-con-inner\">\n\t\t<div class=\"elementor-element elementor-element-db0eb12 e-con-full e-flex e-con e-child\" data-id=\"db0eb12\" data-element_type=\"container\" data-e-type=\"container\">\n\t\t\t\t<div class=\"elementor-element elementor-element-f765701 elementor-widget elementor-widget-text-editor\" data-id=\"f765701\" data-element_type=\"widget\" data-e-type=\"widget\" data-widget_type=\"text-editor.default\">\n\t\t\t\t<div class=\"elementor-widget-container\">\n\t\t\t\t\t\t\t\t\t<p>Bi\u0107e nam zadovoljstvo da dugoro\u010dno sara\u0111ujemo i kreiramo partnerske odnose.<\/p>\t\t\t\t\t\t\t\t<\/div>\n\t\t\t\t<\/div>\n\t\t\t\t<div class=\"elementor-element elementor-element-740b01f elementor-widget elementor-widget-text-editor\" data-id=\"740b01f\" data-element_type=\"widget\" data-e-type=\"widget\" data-widget_type=\"text-editor.default\">\n\t\t\t\t<div class=\"elementor-widget-container\">\n\t\t\t\t\t\t\t\t\t<p>Naru\u010dite Uslugu<\/p>\t\t\t\t\t\t\t\t<\/div>\n\t\t\t\t<\/div>\n\t\t\t\t<div class=\"elementor-element elementor-element-f4d2be5 elementor-widget elementor-widget-text-editor\" data-id=\"f4d2be5\" data-element_type=\"widget\" data-e-type=\"widget\" data-widget_type=\"text-editor.default\">\n\t\t\t\t<div class=\"elementor-widget-container\">\n\t\t\t\t\t\t\t\t\t<p>Izaberite uslugu koju \u017eelite ispod, popunite formu i kontaktira\u0107emo Vas u najkra\u0107em roku kako bismo definisali odgovaraju\u0107u ponudu za Vas.<\/p>\t\t\t\t\t\t\t\t<\/div>\n\t\t\t\t<\/div>\n\t\t<div class=\"elementor-element elementor-element-dc87bd2 e-grid e-con-boxed e-con e-child\" data-id=\"dc87bd2\" data-element_type=\"container\" data-e-type=\"container\">\n\t\t\t\t\t<div class=\"e-con-inner\">\n\t\t\t\t<div class=\"elementor-element elementor-element-eaa74cc elementor-align-justify elementor-mobile-align-justify elementor-widget elementor-widget-button\" data-id=\"eaa74cc\" data-element_type=\"widget\" data-e-type=\"widget\" data-widget_type=\"button.default\">\n\t\t\t\t<div class=\"elementor-widget-container\">\n\t\t\t\t\t\t\t\t\t<div class=\"elementor-button-wrapper\">\n\t\t\t\t\t<a class=\"elementor-button elementor-button-link elementor-size-sm\" href=\"https:\/\/modernstudio.net\/index.php\/usluga\/\">\n\t\t\t\t\t\t<span class=\"elementor-button-content-wrapper\">\n\t\t\t\t\t\t\t\t\t<span class=\"elementor-button-text\">Web Sajt<\/span>\n\t\t\t\t\t<\/span>\n\t\t\t\t\t<\/a>\n\t\t\t\t<\/div>\n\t\t\t\t\t\t\t\t<\/div>\n\t\t\t\t<\/div>\n\t\t\t\t<div class=\"elementor-element elementor-element-288334c elementor-align-justify elementor-mobile-align-justify elementor-widget elementor-widget-button\" data-id=\"288334c\" data-element_type=\"widget\" data-e-type=\"widget\" data-widget_type=\"button.default\">\n\t\t\t\t<div class=\"elementor-widget-container\">\n\t\t\t\t\t\t\t\t\t<div class=\"elementor-button-wrapper\">\n\t\t\t\t\t<a class=\"elementor-button elementor-button-link elementor-size-sm\" href=\"https:\/\/modernstudio.net\/index.php\/usluga-2\/\">\n\t\t\t\t\t\t<span class=\"elementor-button-content-wrapper\">\n\t\t\t\t\t\t\t\t\t<span class=\"elementor-button-text\">Grafi\u010dki Dizajn<\/span>\n\t\t\t\t\t<\/span>\n\t\t\t\t\t<\/a>\n\t\t\t\t<\/div>\n\t\t\t\t\t\t\t\t<\/div>\n\t\t\t\t<\/div>\n\t\t\t\t<div class=\"elementor-element elementor-element-1710c9c elementor-align-justify elementor-mobile-align-justify elementor-widget elementor-widget-button\" data-id=\"1710c9c\" data-element_type=\"widget\" data-e-type=\"widget\" data-widget_type=\"button.default\">\n\t\t\t\t<div class=\"elementor-widget-container\">\n\t\t\t\t\t\t\t\t\t<div class=\"elementor-button-wrapper\">\n\t\t\t\t\t<a class=\"elementor-button elementor-button-link elementor-size-sm\" href=\"https:\/\/modernstudio.net\/index.php\/usluga-3\/\">\n\t\t\t\t\t\t<span class=\"elementor-button-content-wrapper\">\n\t\t\t\t\t\t\t\t\t<span class=\"elementor-button-text\">Marketing<\/span>\n\t\t\t\t\t<\/span>\n\t\t\t\t\t<\/a>\n\t\t\t\t<\/div>\n\t\t\t\t\t\t\t\t<\/div>\n\t\t\t\t<\/div>\n\t\t\t\t\t<\/div>\n\t\t\t\t<\/div>\n\t\t\t\t<\/div>\n\t\t\t\t\t<\/div>\n\t\t\t\t<\/div>\n\t\t\t\t\t<\/div>\n\t\t\t\t<\/div>\n\t\t\t\t<\/div>\n\t\t","protected":false},"excerpt":{"rendered":"<p>UNAPREDITE VA\u0160E POSLOVANJE Postavite Va\u0161 Brend na Visoki Nivo 600+ Brendova Koji Su Nam Ukazali PoverenjeUspeh Se Ne Doga\u0111a Slu\u010dajno &#8211; Mi Ga Projektujemo. Rezultati na\u0161ih klijenata govore vi\u0161e od re\u010di. Svaka saradnja donela je konkretan rast, sna\u017eniji nastup i ve\u0107i uticaj u digitalnom prostoru. Ako te\u017eite istom &#8211; niste slu\u010dajno ovde. Va\u0161e \u017delje i [&hellip;]<\/p>\n","protected":false},"author":1,"featured_media":0,"parent":0,"menu_order":0,"comment_status":"closed","ping_status":"closed","template":"","meta":{"_joinchat":[],"footnotes":""},"class_list":["post-1627","page","type-page","status-publish","hentry"],"blocksy_meta":{"styles_descriptor":{"styles":{"desktop":"","tablet":"","mobile":""},"google_fonts":[],"version":6}},"_links":{"self":[{"href":"https:\/\/modernstudio.net\/index.php\/wp-json\/wp\/v2\/pages\/1627","targetHints":{"allow":["GET"]}}],"collection":[{"href":"https:\/\/modernstudio.net\/index.php\/wp-json\/wp\/v2\/pages"}],"about":[{"href":"https:\/\/modernstudio.net\/index.php\/wp-json\/wp\/v2\/types\/page"}],"author":[{"embeddable":true,"href":"https:\/\/modernstudio.net\/index.php\/wp-json\/wp\/v2\/users\/1"}],"replies":[{"embeddable":true,"href":"https:\/\/modernstudio.net\/index.php\/wp-json\/wp\/v2\/comments?post=1627"}],"version-history":[{"count":0,"href":"https:\/\/modernstudio.net\/index.php\/wp-json\/wp\/v2\/pages\/1627\/revisions"}],"wp:attachment":[{"href":"https:\/\/modernstudio.net\/index.php\/wp-json\/wp\/v2\/media?parent=1627"}],"curies":[{"name":"wp","href":"https:\/\/api.w.org\/{rel}","templated":true}]}}