{"id":1567,"date":"2023-04-23T21:11:46","date_gmt":"2023-04-23T19:11:46","guid":{"rendered":"https:\/\/modernstudio.net\/?page_id=1567"},"modified":"2025-04-21T16:41:21","modified_gmt":"2025-04-21T14:41:21","slug":"facebook-instagram","status":"publish","type":"page","link":"https:\/\/modernstudio.net\/index.php\/facebook-instagram\/","title":{"rendered":"FACEBOOK ADS"},"content":{"rendered":"\t\t<div data-elementor-type=\"wp-page\" data-elementor-id=\"1567\" class=\"elementor elementor-1567\" data-elementor-post-type=\"page\">\n\t\t\t\t<div class=\"elementor-element elementor-element-dd756df e-flex e-con-boxed e-con e-parent\" data-id=\"dd756df\" data-element_type=\"container\" data-e-type=\"container\">\n\t\t\t\t\t<div class=\"e-con-inner\">\n\t\t<div class=\"elementor-element elementor-element-d2e667c e-flex e-con-boxed e-con e-child\" data-id=\"d2e667c\" data-element_type=\"container\" data-e-type=\"container\" data-settings=\"{&quot;background_background&quot;:&quot;classic&quot;}\">\n\t\t\t\t\t<div class=\"e-con-inner\">\n\t\t<div class=\"elementor-element elementor-element-9a0c2d2 e-con-full e-flex e-con e-child\" data-id=\"9a0c2d2\" data-element_type=\"container\" data-e-type=\"container\">\n\t\t\t\t<div class=\"elementor-element elementor-element-47259e1 elementor-widget elementor-widget-heading\" data-id=\"47259e1\" data-element_type=\"widget\" data-e-type=\"widget\" data-widget_type=\"heading.default\">\n\t\t\t\t<div class=\"elementor-widget-container\">\n\t\t\t\t\t<h2 class=\"elementor-heading-title elementor-size-default\">Budite Tamo Gde su Va\u0161i Klijenti<\/h2>\t\t\t\t<\/div>\n\t\t\t\t<\/div>\n\t\t\t\t<div class=\"elementor-element elementor-element-9713957 elementor-hidden-desktop elementor-hidden-tablet elementor-widget elementor-widget-image\" data-id=\"9713957\" data-element_type=\"widget\" data-e-type=\"widget\" data-widget_type=\"image.default\">\n\t\t\t\t<div class=\"elementor-widget-container\">\n\t\t\t\t\t\t\t\t\t\t\t\t\t\t\t<img fetchpriority=\"high\" decoding=\"async\" width=\"1080\" height=\"1080\" src=\"https:\/\/modernstudio.net\/wp-content\/uploads\/2024\/05\/fb.webp\" class=\"attachment-full size-full wp-image-2751\" alt=\"\" srcset=\"https:\/\/modernstudio.net\/wp-content\/uploads\/2024\/05\/fb.webp 1080w, https:\/\/modernstudio.net\/wp-content\/uploads\/2024\/05\/fb-300x300.webp 300w, https:\/\/modernstudio.net\/wp-content\/uploads\/2024\/05\/fb-1024x1024.webp 1024w, https:\/\/modernstudio.net\/wp-content\/uploads\/2024\/05\/fb-150x150.webp 150w, https:\/\/modernstudio.net\/wp-content\/uploads\/2024\/05\/fb-768x768.webp 768w\" sizes=\"(max-width: 1080px) 100vw, 1080px\" \/>\t\t\t\t\t\t\t\t\t\t\t\t\t\t\t<\/div>\n\t\t\t\t<\/div>\n\t\t\t\t<div class=\"elementor-element elementor-element-f3d1125 elementor-widget elementor-widget-text-editor\" data-id=\"f3d1125\" data-element_type=\"widget\" data-e-type=\"widget\" data-widget_type=\"text-editor.default\">\n\t\t\t\t<div class=\"elementor-widget-container\">\n\t\t\t\t\t\t\t\t\t<p>Napravite sledec\u0301i korak u ogla\u0161avanju na internetu i dominaciju na tr\u017ei\u0161tu koristec\u0301i marketin\u0161ke kampanje koje se zasnivaju na podacima. Povec\u0301ajte svest, anga\u017eovanost, prodaje i broj potencijalnih klijenata kori\u0161c\u0301enjem dru\u0161tvenih medija.<\/p>\t\t\t\t\t\t\t\t<\/div>\n\t\t\t\t<\/div>\n\t\t\t\t<\/div>\n\t\t<div class=\"elementor-element elementor-element-9b63233 e-con-full e-flex e-con e-child\" data-id=\"9b63233\" data-element_type=\"container\" data-e-type=\"container\">\n\t\t\t\t<div class=\"elementor-element elementor-element-688b1d2 elementor-hidden-mobile elementor-widget elementor-widget-image\" data-id=\"688b1d2\" data-element_type=\"widget\" data-e-type=\"widget\" data-widget_type=\"image.default\">\n\t\t\t\t<div class=\"elementor-widget-container\">\n\t\t\t\t\t\t\t\t\t\t\t\t\t\t\t<img fetchpriority=\"high\" decoding=\"async\" width=\"1080\" height=\"1080\" src=\"https:\/\/modernstudio.net\/wp-content\/uploads\/2024\/05\/fb.webp\" class=\"attachment-full size-full wp-image-2751\" alt=\"\" srcset=\"https:\/\/modernstudio.net\/wp-content\/uploads\/2024\/05\/fb.webp 1080w, https:\/\/modernstudio.net\/wp-content\/uploads\/2024\/05\/fb-300x300.webp 300w, https:\/\/modernstudio.net\/wp-content\/uploads\/2024\/05\/fb-1024x1024.webp 1024w, https:\/\/modernstudio.net\/wp-content\/uploads\/2024\/05\/fb-150x150.webp 150w, https:\/\/modernstudio.net\/wp-content\/uploads\/2024\/05\/fb-768x768.webp 768w\" sizes=\"(max-width: 1080px) 100vw, 1080px\" \/>\t\t\t\t\t\t\t\t\t\t\t\t\t\t\t<\/div>\n\t\t\t\t<\/div>\n\t\t\t\t<\/div>\n\t\t\t\t\t<\/div>\n\t\t\t\t<\/div>\n\t\t\t\t\t<\/div>\n\t\t\t\t<\/div>\n\t\t<div class=\"elementor-element elementor-element-851051f e-flex e-con-boxed e-con e-parent\" data-id=\"851051f\" data-element_type=\"container\" data-e-type=\"container\">\n\t\t\t\t\t<div class=\"e-con-inner\">\n\t\t\t\t<div class=\"elementor-element elementor-element-89ae28c elementor-widget elementor-widget-text-editor\" data-id=\"89ae28c\" data-element_type=\"widget\" data-e-type=\"widget\" data-widget_type=\"text-editor.default\">\n\t\t\t\t<div class=\"elementor-widget-container\">\n\t\t\t\t\t\t\t\t\t<p>Kako povec\u0301ati prodaju kod postojec\u0301ih kupaca i stvoriti poverenje kod novih? Ako \u017eelite da budete tamo gde su Va\u0161i kupci, dru\u0161tveni mediji su danas jedan od najefikasnijih kanala prodaje. Koristite ih pametno.<\/p><p>Cilj je stvoriti prisan odnos kroz obrac\u0301anje pravoj publici \u0161to c\u0301e dovesti do neverovatne posvec\u0301enosti brendu. Na\u010din na koji c\u0301e Va\u0161 brend ispri\u010dati pri\u010du mora biti takav da dosegne srca va\u0161ih potencijalnih kupaca. Kada stvorite pravu sliku o svom poslu &#8211; kupci c\u0301e moc\u0301i da se prona\u0111u u va\u0161oj filozofiji.<\/p>\t\t\t\t\t\t\t\t<\/div>\n\t\t\t\t<\/div>\n\t\t\t\t\t<\/div>\n\t\t\t\t<\/div>\n\t\t<div class=\"elementor-element elementor-element-88c4f86 e-flex e-con-boxed e-con e-parent\" data-id=\"88c4f86\" data-element_type=\"container\" data-e-type=\"container\">\n\t\t\t\t\t<div class=\"e-con-inner\">\n\t\t<div class=\"elementor-element elementor-element-e21ee1c e-con-full e-flex e-con e-child\" data-id=\"e21ee1c\" data-element_type=\"container\" data-e-type=\"container\" data-settings=\"{&quot;background_background&quot;:&quot;classic&quot;}\">\n\t\t\t\t<div class=\"elementor-element elementor-element-d537cf4 elementor-widget elementor-widget-heading\" data-id=\"d537cf4\" data-element_type=\"widget\" data-e-type=\"widget\" data-widget_type=\"heading.default\">\n\t\t\t\t<div class=\"elementor-widget-container\">\n\t\t\t\t\t<h2 class=\"elementor-heading-title elementor-size-default\">DEFINISANJE CILJEVA<\/h2>\t\t\t\t<\/div>\n\t\t\t\t<\/div>\n\t\t\t\t<div class=\"elementor-element elementor-element-0e596ee elementor-widget elementor-widget-text-editor\" data-id=\"0e596ee\" data-element_type=\"widget\" data-e-type=\"widget\" data-widget_type=\"text-editor.default\">\n\t\t\t\t<div class=\"elementor-widget-container\">\n\t\t\t\t\t\t\t\t\t<p>Na\u0161 proces Social Media Marketinga zapo\u010dinjemo tako \u0161to prvo utvrdimo Va\u0161e poslovne potrebe i ciljeve koje treba ispuniti za Va\u0161 sajt. Na osnovu toga razvijamo odgovarajuc\u0301i projektni plan i realni vremenski raspored.<\/p>\t\t\t\t\t\t\t\t<\/div>\n\t\t\t\t<\/div>\n\t\t\t\t<\/div>\n\t\t<div class=\"elementor-element elementor-element-2444809 e-con-full e-flex e-con e-child\" data-id=\"2444809\" data-element_type=\"container\" data-e-type=\"container\">\n\t\t\t\t<div class=\"elementor-element elementor-element-24b9843 elementor-widget elementor-widget-heading\" data-id=\"24b9843\" data-element_type=\"widget\" data-e-type=\"widget\" data-widget_type=\"heading.default\">\n\t\t\t\t<div class=\"elementor-widget-container\">\n\t\t\t\t\t<h2 class=\"elementor-heading-title elementor-size-default\">ANALIZA<\/h2>\t\t\t\t<\/div>\n\t\t\t\t<\/div>\n\t\t\t\t<div class=\"elementor-element elementor-element-d79da9c elementor-widget elementor-widget-text-editor\" data-id=\"d79da9c\" data-element_type=\"widget\" data-e-type=\"widget\" data-widget_type=\"text-editor.default\">\n\t\t\t\t<div class=\"elementor-widget-container\">\n\t\t\t\t\t\t\t\t\t<p>Radimo detaljnu analizu konkurencije, publike i industrije, kao i intervjuisanje odgovarajuc\u0301ih \u010dlanova Va\u0161eg tima kako bismo napravili social media marketing strategiju po Va\u0161oj meri.<\/p>\t\t\t\t\t\t\t\t<\/div>\n\t\t\t\t<\/div>\n\t\t\t\t<\/div>\n\t\t<div class=\"elementor-element elementor-element-48dfbf1 e-con-full e-flex e-con e-child\" data-id=\"48dfbf1\" data-element_type=\"container\" data-e-type=\"container\" data-settings=\"{&quot;background_background&quot;:&quot;classic&quot;}\">\n\t\t\t\t<div class=\"elementor-element elementor-element-74ae46a elementor-widget elementor-widget-heading\" data-id=\"74ae46a\" data-element_type=\"widget\" data-e-type=\"widget\" data-widget_type=\"heading.default\">\n\t\t\t\t<div class=\"elementor-widget-container\">\n\t\t\t\t\t<h2 class=\"elementor-heading-title elementor-size-default\">RAZVOJ STRATEGIJE<\/h2>\t\t\t\t<\/div>\n\t\t\t\t<\/div>\n\t\t\t\t<div class=\"elementor-element elementor-element-9eec302 elementor-widget elementor-widget-text-editor\" data-id=\"9eec302\" data-element_type=\"widget\" data-e-type=\"widget\" data-widget_type=\"text-editor.default\">\n\t\t\t\t<div class=\"elementor-widget-container\">\n\t\t\t\t\t\t\t\t\t<p>Kombinujemo podatke, istra\u017eivanje i pristup usmeren na \u010doveka, stvarajuc\u0301i multikanalnu marketin\u0161ku strategiju koja c\u0301e najefikasnije doc\u0301i do Va\u0161ih kupaca i ispuniti Va\u0161e poslovne ciljeve.<\/p>\t\t\t\t\t\t\t\t<\/div>\n\t\t\t\t<\/div>\n\t\t\t\t<\/div>\n\t\t<div class=\"elementor-element elementor-element-06d618d e-con-full e-flex e-con e-child\" data-id=\"06d618d\" data-element_type=\"container\" data-e-type=\"container\">\n\t\t\t\t<div class=\"elementor-element elementor-element-1e7eaab elementor-widget elementor-widget-heading\" data-id=\"1e7eaab\" data-element_type=\"widget\" data-e-type=\"widget\" data-widget_type=\"heading.default\">\n\t\t\t\t<div class=\"elementor-widget-container\">\n\t\t\t\t\t<h2 class=\"elementor-heading-title elementor-size-default\">REKLAMA<\/h2>\t\t\t\t<\/div>\n\t\t\t\t<\/div>\n\t\t\t\t<div class=\"elementor-element elementor-element-808d05c elementor-widget elementor-widget-text-editor\" data-id=\"808d05c\" data-element_type=\"widget\" data-e-type=\"widget\" data-widget_type=\"text-editor.default\">\n\t\t\t\t<div class=\"elementor-widget-container\">\n\t\t\t\t\t\t\t\t\t<p>Plan se sprovodi u delo nakon Va\u0161eg odobrenja. Od ovog trenutka, svaki aspekt strate\u0161kog plana, od razmene poruka i optimizacije oglasa do merenja podataka se aktivira za maksimalan efekat.<\/p>\t\t\t\t\t\t\t\t<\/div>\n\t\t\t\t<\/div>\n\t\t\t\t<\/div>\n\t\t<div class=\"elementor-element elementor-element-0a5f1c8 e-con-full e-flex e-con e-child\" data-id=\"0a5f1c8\" data-element_type=\"container\" data-e-type=\"container\" data-settings=\"{&quot;background_background&quot;:&quot;classic&quot;}\">\n\t\t\t\t<div class=\"elementor-element elementor-element-c526151 elementor-widget elementor-widget-heading\" data-id=\"c526151\" data-element_type=\"widget\" data-e-type=\"widget\" data-widget_type=\"heading.default\">\n\t\t\t\t<div class=\"elementor-widget-container\">\n\t\t\t\t\t<h2 class=\"elementor-heading-title elementor-size-default\">OPTIMIZACIJA<\/h2>\t\t\t\t<\/div>\n\t\t\t\t<\/div>\n\t\t\t\t<div class=\"elementor-element elementor-element-7b6635f elementor-widget elementor-widget-text-editor\" data-id=\"7b6635f\" data-element_type=\"widget\" data-e-type=\"widget\" data-widget_type=\"text-editor.default\">\n\t\t\t\t<div class=\"elementor-widget-container\">\n\t\t\t\t\t\t\t\t\t<p>Svaka marketin\u0161ka kampanja u na\u0161oj agenciji je predmet kontinualnog rada na optimizaciji iste. Neprestano te\u017eimo ka pobolj\u0161anju rezultata, oslanjajuc\u0301i se na inovacije i ma\u0161insko u\u010denje kako bismo doneli najbolje rezultate.<\/p>\t\t\t\t\t\t\t\t<\/div>\n\t\t\t\t<\/div>\n\t\t\t\t<\/div>\n\t\t\t\t\t<\/div>\n\t\t\t\t<\/div>\n\t\t<div class=\"elementor-element elementor-element-c7f1a34 e-flex e-con-boxed e-con e-parent\" data-id=\"c7f1a34\" data-element_type=\"container\" data-e-type=\"container\">\n\t\t\t\t\t<div class=\"e-con-inner\">\n\t\t\t\t<div class=\"elementor-element elementor-element-a62fbe7 elementor-widget elementor-widget-heading\" data-id=\"a62fbe7\" data-element_type=\"widget\" data-e-type=\"widget\" data-widget_type=\"heading.default\">\n\t\t\t\t<div class=\"elementor-widget-container\">\n\t\t\t\t\t<h2 class=\"elementor-heading-title elementor-size-default\">Naru\u010dite Marketing Uslugu<\/h2>\t\t\t\t<\/div>\n\t\t\t\t<\/div>\n\t\t\t\t<div class=\"elementor-element elementor-element-dc47c60 elementor-widget elementor-widget-text-editor\" data-id=\"dc47c60\" data-element_type=\"widget\" data-e-type=\"widget\" data-widget_type=\"text-editor.default\">\n\t\t\t\t<div class=\"elementor-widget-container\">\n\t\t\t\t\t\t\t\t\t<p>\u017delite da pobolj\u0161ate vidljivost svog brenda a ne znate kako? Prepustite se na\u0161em timu stru\u010dnjaka u oblasti digitalnog marketinga koji kroje promotivne kampanje prema potrebama va\u0161e ciljne publike. Ne propustite da budete vode\u0107i u svojoj bran\u0161i i ostavite pe\u010dat svog brenda u digitalnom svetu.<\/p>\t\t\t\t\t\t\t\t<\/div>\n\t\t\t\t<\/div>\n\t\t\t\t\t<\/div>\n\t\t\t\t<\/div>\n\t\t<div class=\"elementor-element elementor-element-8278d80 e-flex e-con-boxed e-con e-parent\" data-id=\"8278d80\" data-element_type=\"container\" data-e-type=\"container\">\n\t\t\t\t\t<div class=\"e-con-inner\">\n\t\t<div class=\"elementor-element elementor-element-ac68cab e-flex e-con-boxed e-con e-child\" data-id=\"ac68cab\" data-element_type=\"container\" data-e-type=\"container\" data-settings=\"{&quot;background_background&quot;:&quot;classic&quot;}\">\n\t\t\t\t\t<div class=\"e-con-inner\">\n\t\t<div class=\"elementor-element elementor-element-73c8f4b e-con-full e-flex e-con e-child\" data-id=\"73c8f4b\" data-element_type=\"container\" data-e-type=\"container\">\n\t\t\t\t<div class=\"elementor-element elementor-element-19174f8 elementor-widget elementor-widget-text-editor\" data-id=\"19174f8\" data-element_type=\"widget\" data-e-type=\"widget\" data-widget_type=\"text-editor.default\">\n\t\t\t\t<div class=\"elementor-widget-container\">\n\t\t\t\t\t\t\t\t\t<p>Za brendove koji tra\u017ee partnera sa iskustvom, a ne samo jo\u0161 jednu agenciju.<\/p>\t\t\t\t\t\t\t\t<\/div>\n\t\t\t\t<\/div>\n\t\t\t\t<div class=\"elementor-element elementor-element-e2a41f1 elementor-widget elementor-widget-heading\" data-id=\"e2a41f1\" data-element_type=\"widget\" data-e-type=\"widget\" data-widget_type=\"heading.default\">\n\t\t\t\t<div class=\"elementor-widget-container\">\n\t\t\t\t\t<h2 class=\"elementor-heading-title elementor-size-default\">Prvi Korak Ka Digitalnoj Dominaciji Po\u010dinje Ovde<\/h2>\t\t\t\t<\/div>\n\t\t\t\t<\/div>\n\t\t\t\t<div class=\"elementor-element elementor-element-a6d6feb elementor-widget elementor-widget-text-editor\" data-id=\"a6d6feb\" data-element_type=\"widget\" data-e-type=\"widget\" data-widget_type=\"text-editor.default\">\n\t\t\t\t<div class=\"elementor-widget-container\">\n\t\t\t\t\t\t\t\t\t<p>Bi\u0107e nam zadovoljstvo da dugoro\u010dno sara\u0111ujemo i kreiramo<br \/>partnerske odnose.<\/p>\t\t\t\t\t\t\t\t<\/div>\n\t\t\t\t<\/div>\n\t\t\t\t<\/div>\n\t\t<div class=\"elementor-element elementor-element-6b55705 e-con-full e-flex e-con e-child\" data-id=\"6b55705\" data-element_type=\"container\" data-e-type=\"container\">\n\t\t\t\t<div class=\"elementor-element elementor-element-3260e9f elementor-widget elementor-widget-text-editor\" data-id=\"3260e9f\" data-element_type=\"widget\" data-e-type=\"widget\" data-widget_type=\"text-editor.default\">\n\t\t\t\t<div class=\"elementor-widget-container\">\n\t\t\t\t\t\t\t\t\t<p>Izaberite uslugu koju \u017eelite ispod, popunite formu i kontaktira\u0107emo Vas u najkra\u0107em roku kako bismo definisali odgovaraju\u0107u ponudu za Vas.<\/p>\t\t\t\t\t\t\t\t<\/div>\n\t\t\t\t<\/div>\n\t\t\t\t<div class=\"elementor-element elementor-element-b63697d elementor-align-justify elementor-mobile-align-justify elementor-widget elementor-widget-button\" data-id=\"b63697d\" data-element_type=\"widget\" data-e-type=\"widget\" data-widget_type=\"button.default\">\n\t\t\t\t<div class=\"elementor-widget-container\">\n\t\t\t\t\t\t\t\t\t<div class=\"elementor-button-wrapper\">\n\t\t\t\t\t<a class=\"elementor-button elementor-button-link elementor-size-sm\" href=\"https:\/\/modernstudio.net\/index.php\/usluga\/\">\n\t\t\t\t\t\t<span class=\"elementor-button-content-wrapper\">\n\t\t\t\t\t\t\t\t\t<span class=\"elementor-button-text\">Web Sajt<\/span>\n\t\t\t\t\t<\/span>\n\t\t\t\t\t<\/a>\n\t\t\t\t<\/div>\n\t\t\t\t\t\t\t\t<\/div>\n\t\t\t\t<\/div>\n\t\t\t\t<div class=\"elementor-element elementor-element-94b6842 elementor-align-justify elementor-mobile-align-justify elementor-widget elementor-widget-button\" data-id=\"94b6842\" data-element_type=\"widget\" data-e-type=\"widget\" data-widget_type=\"button.default\">\n\t\t\t\t<div class=\"elementor-widget-container\">\n\t\t\t\t\t\t\t\t\t<div class=\"elementor-button-wrapper\">\n\t\t\t\t\t<a class=\"elementor-button elementor-button-link elementor-size-sm\" href=\"https:\/\/modernstudio.net\/index.php\/usluga-2\/\">\n\t\t\t\t\t\t<span class=\"elementor-button-content-wrapper\">\n\t\t\t\t\t\t\t\t\t<span class=\"elementor-button-text\">Grafi\u010dki Dizajn<\/span>\n\t\t\t\t\t<\/span>\n\t\t\t\t\t<\/a>\n\t\t\t\t<\/div>\n\t\t\t\t\t\t\t\t<\/div>\n\t\t\t\t<\/div>\n\t\t\t\t<div class=\"elementor-element elementor-element-073d6e4 elementor-align-justify elementor-mobile-align-justify elementor-widget elementor-widget-button\" data-id=\"073d6e4\" data-element_type=\"widget\" data-e-type=\"widget\" data-widget_type=\"button.default\">\n\t\t\t\t<div class=\"elementor-widget-container\">\n\t\t\t\t\t\t\t\t\t<div class=\"elementor-button-wrapper\">\n\t\t\t\t\t<a class=\"elementor-button elementor-button-link elementor-size-sm\" href=\"https:\/\/modernstudio.net\/index.php\/usluga-3\/\">\n\t\t\t\t\t\t<span class=\"elementor-button-content-wrapper\">\n\t\t\t\t\t\t\t\t\t<span class=\"elementor-button-text\">Marketing<\/span>\n\t\t\t\t\t<\/span>\n\t\t\t\t\t<\/a>\n\t\t\t\t<\/div>\n\t\t\t\t\t\t\t\t<\/div>\n\t\t\t\t<\/div>\n\t\t\t\t<\/div>\n\t\t\t\t\t<\/div>\n\t\t\t\t<\/div>\n\t\t\t\t\t<\/div>\n\t\t\t\t<\/div>\n\t\t\t\t<\/div>\n\t\t","protected":false},"excerpt":{"rendered":"<p>Budite Tamo Gde su Va\u0161i Klijenti Napravite sledec\u0301i korak u ogla\u0161avanju na internetu i dominaciju na tr\u017ei\u0161tu koristec\u0301i marketin\u0161ke kampanje koje se zasnivaju na podacima. Povec\u0301ajte svest, anga\u017eovanost, prodaje i broj potencijalnih klijenata kori\u0161c\u0301enjem dru\u0161tvenih medija. Kako povec\u0301ati prodaju kod postojec\u0301ih kupaca i stvoriti poverenje kod novih? Ako \u017eelite da budete tamo gde su Va\u0161i [&hellip;]<\/p>\n","protected":false},"author":1,"featured_media":0,"parent":0,"menu_order":0,"comment_status":"closed","ping_status":"closed","template":"","meta":{"_joinchat":[],"footnotes":""},"class_list":["post-1567","page","type-page","status-publish","hentry"],"blocksy_meta":{"styles_descriptor":{"styles":{"desktop":"","tablet":"","mobile":""},"google_fonts":[],"version":6}},"_links":{"self":[{"href":"https:\/\/modernstudio.net\/index.php\/wp-json\/wp\/v2\/pages\/1567","targetHints":{"allow":["GET"]}}],"collection":[{"href":"https:\/\/modernstudio.net\/index.php\/wp-json\/wp\/v2\/pages"}],"about":[{"href":"https:\/\/modernstudio.net\/index.php\/wp-json\/wp\/v2\/types\/page"}],"author":[{"embeddable":true,"href":"https:\/\/modernstudio.net\/index.php\/wp-json\/wp\/v2\/users\/1"}],"replies":[{"embeddable":true,"href":"https:\/\/modernstudio.net\/index.php\/wp-json\/wp\/v2\/comments?post=1567"}],"version-history":[{"count":0,"href":"https:\/\/modernstudio.net\/index.php\/wp-json\/wp\/v2\/pages\/1567\/revisions"}],"wp:attachment":[{"href":"https:\/\/modernstudio.net\/index.php\/wp-json\/wp\/v2\/media?parent=1567"}],"curies":[{"name":"wp","href":"https:\/\/api.w.org\/{rel}","templated":true}]}}