{"id":1553,"date":"2023-04-23T20:27:43","date_gmt":"2023-04-23T18:27:43","guid":{"rendered":"https:\/\/modernstudio.net\/?page_id=1553"},"modified":"2025-04-21T16:40:34","modified_gmt":"2025-04-21T14:40:34","slug":"graficki-dizajn","status":"publish","type":"page","link":"https:\/\/modernstudio.net\/index.php\/graficki-dizajn\/","title":{"rendered":"GRAFI\u010cKI DIZAJN"},"content":{"rendered":"\t\t<div data-elementor-type=\"wp-page\" data-elementor-id=\"1553\" class=\"elementor elementor-1553\" data-elementor-post-type=\"page\">\n\t\t\t\t<div class=\"elementor-element elementor-element-dd756df e-flex e-con-boxed e-con e-parent\" data-id=\"dd756df\" data-element_type=\"container\" data-e-type=\"container\">\n\t\t\t\t\t<div class=\"e-con-inner\">\n\t\t<div class=\"elementor-element elementor-element-d2e667c e-flex e-con-boxed e-con e-child\" data-id=\"d2e667c\" data-element_type=\"container\" data-e-type=\"container\" data-settings=\"{&quot;background_background&quot;:&quot;classic&quot;}\">\n\t\t\t\t\t<div class=\"e-con-inner\">\n\t\t<div class=\"elementor-element elementor-element-9a0c2d2 e-con-full e-flex e-con e-child\" data-id=\"9a0c2d2\" data-element_type=\"container\" data-e-type=\"container\">\n\t\t\t\t<div class=\"elementor-element elementor-element-47259e1 elementor-widget elementor-widget-heading\" data-id=\"47259e1\" data-element_type=\"widget\" data-e-type=\"widget\" data-widget_type=\"heading.default\">\n\t\t\t\t<div class=\"elementor-widget-container\">\n\t\t\t\t\t<h2 class=\"elementor-heading-title elementor-size-default\">Moderan, Savremen i Profesionalan Grafi\u010dki Dizajn <\/h2>\t\t\t\t<\/div>\n\t\t\t\t<\/div>\n\t\t\t\t<div class=\"elementor-element elementor-element-92964b5 elementor-hidden-desktop elementor-hidden-tablet elementor-widget elementor-widget-image\" data-id=\"92964b5\" data-element_type=\"widget\" data-e-type=\"widget\" data-widget_type=\"image.default\">\n\t\t\t\t<div class=\"elementor-widget-container\">\n\t\t\t\t\t\t\t\t\t\t\t\t\t\t\t<img fetchpriority=\"high\" decoding=\"async\" width=\"1080\" height=\"1080\" src=\"https:\/\/modernstudio.net\/wp-content\/uploads\/2024\/05\/graphic.webp\" class=\"attachment-full size-full wp-image-2745\" alt=\"\" srcset=\"https:\/\/modernstudio.net\/wp-content\/uploads\/2024\/05\/graphic.webp 1080w, https:\/\/modernstudio.net\/wp-content\/uploads\/2024\/05\/graphic-300x300.webp 300w, https:\/\/modernstudio.net\/wp-content\/uploads\/2024\/05\/graphic-1024x1024.webp 1024w, https:\/\/modernstudio.net\/wp-content\/uploads\/2024\/05\/graphic-150x150.webp 150w, https:\/\/modernstudio.net\/wp-content\/uploads\/2024\/05\/graphic-768x768.webp 768w\" sizes=\"(max-width: 1080px) 100vw, 1080px\" \/>\t\t\t\t\t\t\t\t\t\t\t\t\t\t\t<\/div>\n\t\t\t\t<\/div>\n\t\t\t\t<div class=\"elementor-element elementor-element-f3d1125 elementor-widget elementor-widget-text-editor\" data-id=\"f3d1125\" data-element_type=\"widget\" data-e-type=\"widget\" data-widget_type=\"text-editor.default\">\n\t\t\t\t<div class=\"elementor-widget-container\">\n\t\t\t\t\t\t\t\t\t<p>Izgradnja brenda, jedinstveni stil i prepoznatljivost na tr\u017ei\u0161tu neohodni su za svaku kompaniju. Ako \u017eelite najbolje za svoje poslovanje, znamo kako to ostvariti i vizije svojih klijenata pretvoriti u stvarnost.<\/p><p><strong>Modern Studio nudi personalizovan pristup svakom klijentu.<\/strong><\/p><p>Dizajniramo bez kompromisa i usredsre\u0111eni smo na projekat. Efikasno slu\u0161anje i precizna upustva i dogovor dva su klju\u010dna koraka ka postizanju najboljeg rje\u0161enja.<\/p><p>Od kriti\u010dkog je zna\u010daja biti u toku u svetu dizajna.<\/p>\t\t\t\t\t\t\t\t<\/div>\n\t\t\t\t<\/div>\n\t\t\t\t<\/div>\n\t\t<div class=\"elementor-element elementor-element-9b63233 e-con-full e-flex e-con e-child\" data-id=\"9b63233\" data-element_type=\"container\" data-e-type=\"container\">\n\t\t\t\t<div class=\"elementor-element elementor-element-688b1d2 elementor-hidden-mobile elementor-widget elementor-widget-image\" data-id=\"688b1d2\" data-element_type=\"widget\" data-e-type=\"widget\" data-widget_type=\"image.default\">\n\t\t\t\t<div class=\"elementor-widget-container\">\n\t\t\t\t\t\t\t\t\t\t\t\t\t\t\t<img fetchpriority=\"high\" decoding=\"async\" width=\"1080\" height=\"1080\" src=\"https:\/\/modernstudio.net\/wp-content\/uploads\/2024\/05\/graphic.webp\" class=\"attachment-full size-full wp-image-2745\" alt=\"\" srcset=\"https:\/\/modernstudio.net\/wp-content\/uploads\/2024\/05\/graphic.webp 1080w, https:\/\/modernstudio.net\/wp-content\/uploads\/2024\/05\/graphic-300x300.webp 300w, https:\/\/modernstudio.net\/wp-content\/uploads\/2024\/05\/graphic-1024x1024.webp 1024w, https:\/\/modernstudio.net\/wp-content\/uploads\/2024\/05\/graphic-150x150.webp 150w, https:\/\/modernstudio.net\/wp-content\/uploads\/2024\/05\/graphic-768x768.webp 768w\" sizes=\"(max-width: 1080px) 100vw, 1080px\" \/>\t\t\t\t\t\t\t\t\t\t\t\t\t\t\t<\/div>\n\t\t\t\t<\/div>\n\t\t\t\t<\/div>\n\t\t\t\t\t<\/div>\n\t\t\t\t<\/div>\n\t\t\t\t\t<\/div>\n\t\t\t\t<\/div>\n\t\t<div class=\"elementor-element elementor-element-5406c45 e-flex e-con-boxed e-con e-parent\" data-id=\"5406c45\" data-element_type=\"container\" data-e-type=\"container\">\n\t\t\t\t\t<div class=\"e-con-inner\">\n\t\t\t\t<div class=\"elementor-element elementor-element-63b0342 elementor-widget elementor-widget-heading\" data-id=\"63b0342\" data-element_type=\"widget\" data-e-type=\"widget\" data-widget_type=\"heading.default\">\n\t\t\t\t<div class=\"elementor-widget-container\">\n\t\t\t\t\t<h2 class=\"elementor-heading-title elementor-size-default\">Posedujemo Dugogodi\u0161nje Iskustvo u Ovoj Oblasti Rade\u0107i za Kompanije u Srbiji i Inostranstvu<\/h2>\t\t\t\t<\/div>\n\t\t\t\t<\/div>\n\t\t\t\t\t<\/div>\n\t\t\t\t<\/div>\n\t\t<div class=\"elementor-element elementor-element-f1a6964 e-flex e-con-boxed e-con e-parent\" data-id=\"f1a6964\" data-element_type=\"container\" data-e-type=\"container\">\n\t\t\t\t\t<div class=\"e-con-inner\">\n\t\t<div class=\"elementor-element elementor-element-24442f4 e-con-full e-flex e-con e-child\" data-id=\"24442f4\" data-element_type=\"container\" data-e-type=\"container\" data-settings=\"{&quot;background_background&quot;:&quot;classic&quot;}\">\n\t\t\t\t<div class=\"elementor-element elementor-element-62bec76 elementor-widget elementor-widget-heading\" data-id=\"62bec76\" data-element_type=\"widget\" data-e-type=\"widget\" data-widget_type=\"heading.default\">\n\t\t\t\t<div class=\"elementor-widget-container\">\n\t\t\t\t\t<h2 class=\"elementor-heading-title elementor-size-default\">BRENDIRANJE &amp; IDENTITET<\/h2>\t\t\t\t<\/div>\n\t\t\t\t<\/div>\n\t\t\t\t<div class=\"elementor-element elementor-element-fe5e1d7 elementor-widget elementor-widget-text-editor\" data-id=\"fe5e1d7\" data-element_type=\"widget\" data-e-type=\"widget\" data-widget_type=\"text-editor.default\">\n\t\t\t\t<div class=\"elementor-widget-container\">\n\t\t\t\t\t\t\t\t\t<p>Brendiranje je poput nevidljivog niza koji povezuje svaki zasebni aspekt va\u0161eg poslovanja. Omogu\u0107uje vam da rastete i transformi\u0161ete se, koristite razli\u010dite dizajne, ali i dalje paradoksalno ostajete isti.<\/p>\t\t\t\t\t\t\t\t<\/div>\n\t\t\t\t<\/div>\n\t\t\t\t<\/div>\n\t\t<div class=\"elementor-element elementor-element-35a8815 e-con-full e-flex e-con e-child\" data-id=\"35a8815\" data-element_type=\"container\" data-e-type=\"container\">\n\t\t\t\t<div class=\"elementor-element elementor-element-125d9fb elementor-widget elementor-widget-heading\" data-id=\"125d9fb\" data-element_type=\"widget\" data-e-type=\"widget\" data-widget_type=\"heading.default\">\n\t\t\t\t<div class=\"elementor-widget-container\">\n\t\t\t\t\t<h2 class=\"elementor-heading-title elementor-size-default\">LOGO &amp; DIZAJN<\/h2>\t\t\t\t<\/div>\n\t\t\t\t<\/div>\n\t\t\t\t<div class=\"elementor-element elementor-element-1bd8ca7 elementor-widget elementor-widget-text-editor\" data-id=\"1bd8ca7\" data-element_type=\"widget\" data-e-type=\"widget\" data-widget_type=\"text-editor.default\">\n\t\t\t\t<div class=\"elementor-widget-container\">\n\t\t\t\t\t\t\t\t\t<p>Preporu\u010dujemo da pre ogla\u0161avanja, pre nego \u0161to napravite web stranicu, pre nego \u0161to napravite bilo \u0161ta, imajte LOGOTIP. Kad imate 12 koraka u svom poduhvatu, \u017eelimo da imate jasnu sliku o tome \u0161to simbolizuje va\u0161 brend. \u017delimo da ceo proces za Vas bude \u0161to jednostavniji i bezbolniji.<\/p>\t\t\t\t\t\t\t\t<\/div>\n\t\t\t\t<\/div>\n\t\t\t\t<\/div>\n\t\t\t\t\t<\/div>\n\t\t\t\t<\/div>\n\t\t<div class=\"elementor-element elementor-element-2fcbf2e e-flex e-con-boxed e-con e-parent\" data-id=\"2fcbf2e\" data-element_type=\"container\" data-e-type=\"container\">\n\t\t\t\t\t<div class=\"e-con-inner\">\n\t\t<div class=\"elementor-element elementor-element-cb545b4 e-con-full e-flex e-con e-child\" data-id=\"cb545b4\" data-element_type=\"container\" data-e-type=\"container\">\n\t\t\t\t<div class=\"elementor-element elementor-element-a8ffec9 elementor-widget elementor-widget-heading\" data-id=\"a8ffec9\" data-element_type=\"widget\" data-e-type=\"widget\" data-widget_type=\"heading.default\">\n\t\t\t\t<div class=\"elementor-widget-container\">\n\t\t\t\t\t<h2 class=\"elementor-heading-title elementor-size-default\">USLUGE DIZAJNA \u0160TAMPE<\/h2>\t\t\t\t<\/div>\n\t\t\t\t<\/div>\n\t\t\t\t<div class=\"elementor-element elementor-element-b120f3a elementor-widget elementor-widget-text-editor\" data-id=\"b120f3a\" data-element_type=\"widget\" data-e-type=\"widget\" data-widget_type=\"text-editor.default\">\n\t\t\t\t<div class=\"elementor-widget-container\">\n\t\t\t\t\t\t\t\t\t<p>Redovno konzumiramo \u0161tampane proizvode. Prelistavamo letke zaka\u010dene na zajednice dok \u010dekamo jutarnju kafu, nudimo vizit karte novim poznanicima nasumi\u010dno navedenim, \u010ditamo jelovnike u restoranima dok nam stomaci gun\u0111aju tra\u017ee\u0107i odluku. Proveravanje po\u0161te, listanje knjiga, \u010ditanje \u010dasopisa. Koliko god \u017eiveli u digitalnom svetu, \u0161tampani materijali su i dalje vrlo opipljivi. Dizajn igra vitalnu ulogu u stvaranju ovog svakodnevnog vizuelno-fizi\u010dkog odnosa.<\/p>\t\t\t\t\t\t\t\t<\/div>\n\t\t\t\t<\/div>\n\t\t\t\t<\/div>\n\t\t<div class=\"elementor-element elementor-element-7aca30c e-con-full e-flex e-con e-child\" data-id=\"7aca30c\" data-element_type=\"container\" data-e-type=\"container\" data-settings=\"{&quot;background_background&quot;:&quot;classic&quot;}\">\n\t\t\t\t<div class=\"elementor-element elementor-element-c283541 elementor-widget elementor-widget-heading\" data-id=\"c283541\" data-element_type=\"widget\" data-e-type=\"widget\" data-widget_type=\"heading.default\">\n\t\t\t\t<div class=\"elementor-widget-container\">\n\t\t\t\t\t<h2 class=\"elementor-heading-title elementor-size-default\">KORPORATIVNI IDENTITET<\/h2>\t\t\t\t<\/div>\n\t\t\t\t<\/div>\n\t\t\t\t<div class=\"elementor-element elementor-element-50bdb3d elementor-widget elementor-widget-text-editor\" data-id=\"50bdb3d\" data-element_type=\"widget\" data-e-type=\"widget\" data-widget_type=\"text-editor.default\">\n\t\t\t\t<div class=\"elementor-widget-container\">\n\t\t\t\t\t\t\t\t\t<p>Korporativni identitet ozna\u010dava kompletno grafi\u010dko re\u0161enje identiteta firme i predstavlja je na tr\u017ei\u0161tu. U oblasti poslovanja, korporativni identitet predstavlja izgled i li\u010dnost kompanije ili poslovanja. Korporativni identitet je lice kompanije i manifestuje se kroz nekoliko na\u010dina korporativnog brendiranja.<\/p>\t\t\t\t\t\t\t\t<\/div>\n\t\t\t\t<\/div>\n\t\t\t\t<\/div>\n\t\t\t\t\t<\/div>\n\t\t\t\t<\/div>\n\t\t<div class=\"elementor-element elementor-element-f59f7a9 e-flex e-con-boxed e-con e-parent\" data-id=\"f59f7a9\" data-element_type=\"container\" data-e-type=\"container\">\n\t\t\t\t\t<div class=\"e-con-inner\">\n\t\t<div class=\"elementor-element elementor-element-c004219 e-flex e-con-boxed e-con e-child\" data-id=\"c004219\" data-element_type=\"container\" data-e-type=\"container\" data-settings=\"{&quot;background_background&quot;:&quot;classic&quot;}\">\n\t\t\t\t\t<div class=\"e-con-inner\">\n\t\t<div class=\"elementor-element elementor-element-82a89f6 e-con-full e-flex e-con e-child\" data-id=\"82a89f6\" data-element_type=\"container\" data-e-type=\"container\">\n\t\t\t\t<div class=\"elementor-element elementor-element-3d41292 elementor-widget__width-initial elementor-hidden-desktop elementor-hidden-tablet elementor-widget elementor-widget-image\" data-id=\"3d41292\" data-element_type=\"widget\" data-e-type=\"widget\" data-widget_type=\"image.default\">\n\t\t\t\t<div class=\"elementor-widget-container\">\n\t\t\t\t\t\t\t\t\t\t\t\t\t\t\t<img decoding=\"async\" width=\"1080\" height=\"1080\" src=\"https:\/\/modernstudio.net\/wp-content\/uploads\/2024\/05\/1.webp\" class=\"attachment-full size-full wp-image-2746\" alt=\"\" srcset=\"https:\/\/modernstudio.net\/wp-content\/uploads\/2024\/05\/1.webp 1080w, https:\/\/modernstudio.net\/wp-content\/uploads\/2024\/05\/1-300x300.webp 300w, https:\/\/modernstudio.net\/wp-content\/uploads\/2024\/05\/1-1024x1024.webp 1024w, https:\/\/modernstudio.net\/wp-content\/uploads\/2024\/05\/1-150x150.webp 150w, https:\/\/modernstudio.net\/wp-content\/uploads\/2024\/05\/1-768x768.webp 768w\" sizes=\"(max-width: 1080px) 100vw, 1080px\" \/>\t\t\t\t\t\t\t\t\t\t\t\t\t\t\t<\/div>\n\t\t\t\t<\/div>\n\t\t\t\t<div class=\"elementor-element elementor-element-7d125fa elementor-widget elementor-widget-text-editor\" data-id=\"7d125fa\" data-element_type=\"widget\" data-e-type=\"widget\" data-widget_type=\"text-editor.default\">\n\t\t\t\t<div class=\"elementor-widget-container\">\n\t\t\t\t\t\t\t\t\t<p>Va\u0161 brend je li\u010dnost Va\u0161eg poslovanja. On prenosi \u0161ta vi predstavljate i za \u0161ta se zala\u017eete. Korporativni identitet pravi razliku izme\u0111u toga da li ste vi zaista neko ili ste samo deo gomile. U na\u0161oj kompaniji iskusni dizajneri Vam stoje na raspolaganju za izradu korporativnog identiteta Va\u0161e firme, jer Va\u0161 brend upravo predstavlja osnovu Va\u0161eg uspeha.<\/p>\t\t\t\t\t\t\t\t<\/div>\n\t\t\t\t<\/div>\n\t\t\t\t<\/div>\n\t\t\t\t<div class=\"elementor-element elementor-element-46c3c4e elementor-widget__width-initial elementor-hidden-mobile elementor-widget elementor-widget-image\" data-id=\"46c3c4e\" data-element_type=\"widget\" data-e-type=\"widget\" data-widget_type=\"image.default\">\n\t\t\t\t<div class=\"elementor-widget-container\">\n\t\t\t\t\t\t\t\t\t\t\t\t\t\t\t<img decoding=\"async\" width=\"1080\" height=\"1080\" src=\"https:\/\/modernstudio.net\/wp-content\/uploads\/2024\/05\/1.webp\" class=\"attachment-full size-full wp-image-2746\" alt=\"\" srcset=\"https:\/\/modernstudio.net\/wp-content\/uploads\/2024\/05\/1.webp 1080w, https:\/\/modernstudio.net\/wp-content\/uploads\/2024\/05\/1-300x300.webp 300w, https:\/\/modernstudio.net\/wp-content\/uploads\/2024\/05\/1-1024x1024.webp 1024w, https:\/\/modernstudio.net\/wp-content\/uploads\/2024\/05\/1-150x150.webp 150w, https:\/\/modernstudio.net\/wp-content\/uploads\/2024\/05\/1-768x768.webp 768w\" sizes=\"(max-width: 1080px) 100vw, 1080px\" \/>\t\t\t\t\t\t\t\t\t\t\t\t\t\t\t<\/div>\n\t\t\t\t<\/div>\n\t\t\t\t\t<\/div>\n\t\t\t\t<\/div>\n\t\t\t\t\t<\/div>\n\t\t\t\t<\/div>\n\t\t<div class=\"elementor-element elementor-element-57d6dd2 e-flex e-con-boxed e-con e-parent\" data-id=\"57d6dd2\" data-element_type=\"container\" data-e-type=\"container\">\n\t\t\t\t\t<div class=\"e-con-inner\">\n\t\t\t\t<div class=\"elementor-element elementor-element-8d805f5 elementor-widget elementor-widget-heading\" data-id=\"8d805f5\" data-element_type=\"widget\" data-e-type=\"widget\" data-widget_type=\"heading.default\">\n\t\t\t\t<div class=\"elementor-widget-container\">\n\t\t\t\t\t<h2 class=\"elementor-heading-title elementor-size-default\">Usluge Grafi\u010dkog Dizajna Koje Nudimo:<\/h2>\t\t\t\t<\/div>\n\t\t\t\t<\/div>\n\t\t\t\t<div class=\"elementor-element elementor-element-66454ee elementor-widget elementor-widget-text-editor\" data-id=\"66454ee\" data-element_type=\"widget\" data-e-type=\"widget\" data-widget_type=\"text-editor.default\">\n\t\t\t\t<div class=\"elementor-widget-container\">\n\t\t\t\t\t\t\t\t\t<p>\u2022 Dizajn logoa\/logotipa<br \/>\u2022 Dizajn \u0161tampe<br \/>\u2022 Dizajn vizit karti<br \/>\u2022 Dizajn oglasa, oglasa u novinama<br \/>\u2022 Dizajn kalendara, kataloga, \u010dasopisa<br \/>\u2022 Dizajn memoranduma<br \/>\u2022 Dizajn koverti<br \/>\u2022 Dizajn kancelarijskog materijala<br \/>\u2022 Korporativni identitet<br \/>\u2022 Dizajn \u0161tandova<br \/>\u2022 Dizajn omota\u010da automobila<br \/>\u2022 Dizajn kataloga<br \/>\u2022 Dizajn bro\u0161ura, flajera, plakata, bilborda, razglednica, nalepnica<br \/>\u2022 Grafi\u010dki dizajn jelovnika, ambala\u017ea, omota, etiketa. .<br \/>\u2022 Priprema za \u0161tampu<\/p>\t\t\t\t\t\t\t\t<\/div>\n\t\t\t\t<\/div>\n\t\t\t\t\t<\/div>\n\t\t\t\t<\/div>\n\t\t<div class=\"elementor-element elementor-element-53d5cf9 e-flex e-con-boxed e-con e-parent\" data-id=\"53d5cf9\" data-element_type=\"container\" data-e-type=\"container\">\n\t\t\t\t\t<div class=\"e-con-inner\">\n\t\t<div class=\"elementor-element elementor-element-fdc95f2 e-flex e-con-boxed e-con e-child\" data-id=\"fdc95f2\" data-element_type=\"container\" data-e-type=\"container\" data-settings=\"{&quot;background_background&quot;:&quot;classic&quot;}\">\n\t\t\t\t\t<div class=\"e-con-inner\">\n\t\t<div class=\"elementor-element elementor-element-ae30f80 e-con-full e-flex e-con e-child\" data-id=\"ae30f80\" data-element_type=\"container\" data-e-type=\"container\">\n\t\t\t\t<div class=\"elementor-element elementor-element-aadc25f elementor-widget elementor-widget-text-editor\" data-id=\"aadc25f\" data-element_type=\"widget\" data-e-type=\"widget\" data-widget_type=\"text-editor.default\">\n\t\t\t\t<div class=\"elementor-widget-container\">\n\t\t\t\t\t\t\t\t\t<p>Za brendove koji tra\u017ee partnera sa iskustvom, a ne samo jo\u0161 jednu agenciju.<\/p>\t\t\t\t\t\t\t\t<\/div>\n\t\t\t\t<\/div>\n\t\t\t\t<div class=\"elementor-element elementor-element-1548a42 elementor-widget elementor-widget-heading\" data-id=\"1548a42\" data-element_type=\"widget\" data-e-type=\"widget\" data-widget_type=\"heading.default\">\n\t\t\t\t<div class=\"elementor-widget-container\">\n\t\t\t\t\t<h2 class=\"elementor-heading-title elementor-size-default\">Prvi Korak Ka Digitalnoj Dominaciji Po\u010dinje Ovde<\/h2>\t\t\t\t<\/div>\n\t\t\t\t<\/div>\n\t\t\t\t<div class=\"elementor-element elementor-element-7193dd9 elementor-widget elementor-widget-text-editor\" data-id=\"7193dd9\" data-element_type=\"widget\" data-e-type=\"widget\" data-widget_type=\"text-editor.default\">\n\t\t\t\t<div class=\"elementor-widget-container\">\n\t\t\t\t\t\t\t\t\t<p>Bi\u0107e nam zadovoljstvo da dugoro\u010dno sara\u0111ujemo i kreiramo<br \/>partnerske odnose.<\/p>\t\t\t\t\t\t\t\t<\/div>\n\t\t\t\t<\/div>\n\t\t\t\t<\/div>\n\t\t<div class=\"elementor-element elementor-element-8d7dbbd e-con-full e-flex e-con e-child\" data-id=\"8d7dbbd\" data-element_type=\"container\" data-e-type=\"container\">\n\t\t\t\t<div class=\"elementor-element elementor-element-e1bf5a3 elementor-widget elementor-widget-text-editor\" data-id=\"e1bf5a3\" data-element_type=\"widget\" data-e-type=\"widget\" data-widget_type=\"text-editor.default\">\n\t\t\t\t<div class=\"elementor-widget-container\">\n\t\t\t\t\t\t\t\t\t<p>Izaberite uslugu koju \u017eelite ispod, popunite formu i kontaktira\u0107emo Vas u najkra\u0107em roku kako bismo definisali odgovaraju\u0107u ponudu za Vas.<\/p>\t\t\t\t\t\t\t\t<\/div>\n\t\t\t\t<\/div>\n\t\t\t\t<div class=\"elementor-element elementor-element-144c22f elementor-align-justify elementor-mobile-align-justify elementor-widget elementor-widget-button\" data-id=\"144c22f\" data-element_type=\"widget\" data-e-type=\"widget\" data-widget_type=\"button.default\">\n\t\t\t\t<div class=\"elementor-widget-container\">\n\t\t\t\t\t\t\t\t\t<div class=\"elementor-button-wrapper\">\n\t\t\t\t\t<a class=\"elementor-button elementor-button-link elementor-size-sm\" href=\"https:\/\/modernstudio.net\/index.php\/usluga\/\">\n\t\t\t\t\t\t<span class=\"elementor-button-content-wrapper\">\n\t\t\t\t\t\t\t\t\t<span class=\"elementor-button-text\">Web Sajt<\/span>\n\t\t\t\t\t<\/span>\n\t\t\t\t\t<\/a>\n\t\t\t\t<\/div>\n\t\t\t\t\t\t\t\t<\/div>\n\t\t\t\t<\/div>\n\t\t\t\t<div class=\"elementor-element elementor-element-94f9bcc elementor-align-justify elementor-mobile-align-justify elementor-widget elementor-widget-button\" data-id=\"94f9bcc\" data-element_type=\"widget\" data-e-type=\"widget\" data-widget_type=\"button.default\">\n\t\t\t\t<div class=\"elementor-widget-container\">\n\t\t\t\t\t\t\t\t\t<div class=\"elementor-button-wrapper\">\n\t\t\t\t\t<a class=\"elementor-button elementor-button-link elementor-size-sm\" href=\"https:\/\/modernstudio.net\/index.php\/usluga-2\/\">\n\t\t\t\t\t\t<span class=\"elementor-button-content-wrapper\">\n\t\t\t\t\t\t\t\t\t<span class=\"elementor-button-text\">Grafi\u010dki Dizajn<\/span>\n\t\t\t\t\t<\/span>\n\t\t\t\t\t<\/a>\n\t\t\t\t<\/div>\n\t\t\t\t\t\t\t\t<\/div>\n\t\t\t\t<\/div>\n\t\t\t\t<div class=\"elementor-element elementor-element-2ba4f15 elementor-align-justify elementor-mobile-align-justify elementor-widget elementor-widget-button\" data-id=\"2ba4f15\" data-element_type=\"widget\" data-e-type=\"widget\" data-widget_type=\"button.default\">\n\t\t\t\t<div class=\"elementor-widget-container\">\n\t\t\t\t\t\t\t\t\t<div class=\"elementor-button-wrapper\">\n\t\t\t\t\t<a class=\"elementor-button elementor-button-link elementor-size-sm\" href=\"https:\/\/modernstudio.net\/index.php\/usluga-3\/\">\n\t\t\t\t\t\t<span class=\"elementor-button-content-wrapper\">\n\t\t\t\t\t\t\t\t\t<span class=\"elementor-button-text\">Marketing<\/span>\n\t\t\t\t\t<\/span>\n\t\t\t\t\t<\/a>\n\t\t\t\t<\/div>\n\t\t\t\t\t\t\t\t<\/div>\n\t\t\t\t<\/div>\n\t\t\t\t<\/div>\n\t\t\t\t\t<\/div>\n\t\t\t\t<\/div>\n\t\t\t\t\t<\/div>\n\t\t\t\t<\/div>\n\t\t\t\t<\/div>\n\t\t","protected":false},"excerpt":{"rendered":"<p>Moderan, Savremen i Profesionalan Grafi\u010dki Dizajn Izgradnja brenda, jedinstveni stil i prepoznatljivost na tr\u017ei\u0161tu neohodni su za svaku kompaniju. Ako \u017eelite najbolje za svoje poslovanje, znamo kako to ostvariti i vizije svojih klijenata pretvoriti u stvarnost. Modern Studio nudi personalizovan pristup svakom klijentu. Dizajniramo bez kompromisa i usredsre\u0111eni smo na projekat. Efikasno slu\u0161anje i precizna [&hellip;]<\/p>\n","protected":false},"author":1,"featured_media":0,"parent":0,"menu_order":0,"comment_status":"closed","ping_status":"closed","template":"","meta":{"_joinchat":[],"footnotes":""},"class_list":["post-1553","page","type-page","status-publish","hentry"],"blocksy_meta":{"styles_descriptor":{"styles":{"desktop":"","tablet":"","mobile":""},"google_fonts":[],"version":6}},"_links":{"self":[{"href":"https:\/\/modernstudio.net\/index.php\/wp-json\/wp\/v2\/pages\/1553","targetHints":{"allow":["GET"]}}],"collection":[{"href":"https:\/\/modernstudio.net\/index.php\/wp-json\/wp\/v2\/pages"}],"about":[{"href":"https:\/\/modernstudio.net\/index.php\/wp-json\/wp\/v2\/types\/page"}],"author":[{"embeddable":true,"href":"https:\/\/modernstudio.net\/index.php\/wp-json\/wp\/v2\/users\/1"}],"replies":[{"embeddable":true,"href":"https:\/\/modernstudio.net\/index.php\/wp-json\/wp\/v2\/comments?post=1553"}],"version-history":[{"count":0,"href":"https:\/\/modernstudio.net\/index.php\/wp-json\/wp\/v2\/pages\/1553\/revisions"}],"wp:attachment":[{"href":"https:\/\/modernstudio.net\/index.php\/wp-json\/wp\/v2\/media?parent=1553"}],"curies":[{"name":"wp","href":"https:\/\/api.w.org\/{rel}","templated":true}]}}